{"id":604,"date":"2020-09-09T03:45:24","date_gmt":"2020-09-09T03:45:24","guid":{"rendered":"http:\/\/wpdemo.archiwp.com\/maxbizz\/?page_id=604"},"modified":"2026-02-28T04:44:48","modified_gmt":"2026-02-28T04:44:48","slug":"coming-soon","status":"publish","type":"page","link":"https:\/\/drassa.net\/en\/","title":{"rendered":"Coming Soon"},"content":{"rendered":"<div data-elementor-type=\"wp-page\" data-elementor-id=\"604\" class=\"elementor elementor-604\">\n\t\t\t\t\t\t<section class=\"elementor-section elementor-top-section elementor-element elementor-element-f1dbf06 elementor-section-height-full elementor-section-content-middle elementor-section-boxed elementor-section-height-default elementor-section-items-middle\" data-id=\"f1dbf06\" data-element_type=\"section\" data-e-type=\"section\" data-settings=\"{&quot;background_background&quot;:&quot;classic&quot;}\">\n\t\t\t\t\t\t<div class=\"elementor-container elementor-column-gap-no\">\n\t\t\t\t\t<div class=\"elementor-column elementor-col-100 elementor-top-column elementor-element elementor-element-65f2915 ot-flex-column-vertical\" data-id=\"65f2915\" data-element_type=\"column\" data-e-type=\"column\">\n\t\t\t<div class=\"elementor-widget-wrap elementor-element-populated\">\n\t\t\t\t\t\t<div class=\"elementor-element elementor-element-adfe967 elementor-widget elementor-widget-image\" data-id=\"adfe967\" data-element_type=\"widget\" data-e-type=\"widget\" data-widget_type=\"image.default\">\n\t\t\t\t<div class=\"elementor-widget-container\">\n\t\t\t\t\t\t\t\t\t\t\t\t\t\t\t<img decoding=\"async\" width=\"300\" height=\"75\" src=\"https:\/\/drassa.net\/wp-content\/uploads\/2021\/06\/Drassa-Logo-400-100-px-300x75-1-1.png\" class=\"attachment-medium size-medium wp-image-1921\" alt=\"\" \/>\t\t\t\t\t\t\t\t\t\t\t\t\t\t\t<\/div>\n\t\t\t\t<\/div>\n\t\t\t\t<div class=\"elementor-element elementor-element-df3cd75 elementor-widget elementor-widget-icountdown\" data-id=\"df3cd75\" data-element_type=\"widget\" data-e-type=\"widget\" data-widget_type=\"icountdown.default\">\n\t\t\t\t<div class=\"elementor-widget-container\">\n\t\t\t\t\t\t\t\t\r\n\t\t<ul class=\"ot-countdown unstyle\" data-zone=\"0\" data-date=\"2026\/03\/26 12:00\" data-day=\"Day\" data-days=\"Days\" data-hour=\"Hour\" data-hours=\"Hours\" data-min=\"Minute\" data-mins=\"Minutes\" data-second=\"Second\" data-seconds=\"Seconds\">\r\n\t\t\t<li><span class=\"days\">00<\/span><p class=\"days_text\">Days<\/p><\/li>\r\n\t\t\t<li class=\"seperator\">:<\/li>\r\n\t\t\t<li><span class=\"hours\">00<\/span><p class=\"hours_text\">Hours<\/p><\/li>\r\n\t\t\t<li class=\"seperator\">:<\/li>\r\n\t\t\t<li><span class=\"minutes\">00<\/span><p class=\"minutes_text\">Minutes<\/p><\/li>\r\n\t\t\t<li class=\"seperator\">:<\/li>\r\n\t\t\t<li><span class=\"seconds\">00<\/span><p class=\"seconds_text\">Seconds<\/p><\/li>\r\n\t\t<\/ul>\r\n\r\n\t    \t\t\t\t<\/div>\n\t\t\t\t<\/div>\n\t\t\t\t<div class=\"elementor-element elementor-element-2c42310 elementor-widget elementor-widget-text-editor\" data-id=\"2c42310\" data-element_type=\"widget\" data-e-type=\"widget\" data-widget_type=\"text-editor.default\">\n\t\t\t\t<div class=\"elementor-widget-container\">\n\t\t\t\t\t\t\t\t\t<p><strong>Nuestro sitio web est\u00e1 en mantenimiento para ofrecerte herramientas m\u00e1s r\u00e1pidas y seguras. Si necesitas asesor\u00eda inmediata, estamos disponibles v\u00eda info@drassa.net \/ <\/strong><strong>(507) 236-5990<\/strong><\/p><p><strong>Estamos ubicados en Av. 14B Norte 9E, El Dorado, Ciudad de Panam\u00e1.<\/strong><\/p>\t\t\t\t\t\t\t\t<\/div>\n\t\t\t\t<\/div>\n\t\t\t\t<div class=\"elementor-element elementor-element-9e31167 elementor-widget elementor-widget-google_maps\" data-id=\"9e31167\" data-element_type=\"widget\" data-e-type=\"widget\" data-widget_type=\"google_maps.default\">\n\t\t\t\t<div class=\"elementor-widget-container\">\n\t\t\t\t\t\t\t<div class=\"elementor-custom-embed\">\n\t\t\t<iframe loading=\"lazy\"\n\t\t\t\t\tsrc=\"https:\/\/maps.google.com\/maps?q=drassa%2C%20panama&#038;t=m&#038;z=17&#038;output=embed&#038;iwloc=near\"\n\t\t\t\t\ttitle=\"drassa, panama\"\n\t\t\t\t\taria-label=\"drassa, panama\"\n\t\t\t><\/iframe>\n\t\t<\/div>\n\t\t\t\t\t\t<\/div>\n\t\t\t\t<\/div>\n\t\t\t\t\t<\/div>\n\t\t<\/div>\n\t\t\t\t\t<\/div>\n\t\t<\/section>\n\t\t\t\t<\/div>","protected":false},"excerpt":{"rendered":"<p>00 Days : 00 Hours : 00 Minutes : 00 Seconds Nuestro sitio web est\u00e1 en mantenimiento para ofrecerte herramientas m\u00e1s r\u00e1pidas y seguras. Si necesitas asesor\u00eda inmediata, estamos disponibles v\u00eda info@drassa.net \/ (507) 236-5990 Estamos ubicados en Av. 14B Norte 9E, El Dorado, Ciudad de Panam\u00e1.<\/p>","protected":false},"author":1,"featured_media":0,"parent":0,"menu_order":0,"comment_status":"closed","ping_status":"closed","template":"elementor_canvas","meta":{"footnotes":""},"class_list":["post-604","page","type-page","status-publish","hentry"],"_links":{"self":[{"href":"https:\/\/drassa.net\/en\/wp-json\/wp\/v2\/pages\/604","targetHints":{"allow":["GET"]}}],"collection":[{"href":"https:\/\/drassa.net\/en\/wp-json\/wp\/v2\/pages"}],"about":[{"href":"https:\/\/drassa.net\/en\/wp-json\/wp\/v2\/types\/page"}],"author":[{"embeddable":true,"href":"https:\/\/drassa.net\/en\/wp-json\/wp\/v2\/users\/1"}],"replies":[{"embeddable":true,"href":"https:\/\/drassa.net\/en\/wp-json\/wp\/v2\/comments?post=604"}],"version-history":[{"count":60,"href":"https:\/\/drassa.net\/en\/wp-json\/wp\/v2\/pages\/604\/revisions"}],"predecessor-version":[{"id":2874,"href":"https:\/\/drassa.net\/en\/wp-json\/wp\/v2\/pages\/604\/revisions\/2874"}],"wp:attachment":[{"href":"https:\/\/drassa.net\/en\/wp-json\/wp\/v2\/media?parent=604"}],"curies":[{"name":"wp","href":"https:\/\/api.w.org\/{rel}","templated":true}]}}